{"id":90,"date":"2018-06-17T15:26:20","date_gmt":"2018-06-17T13:26:20","guid":{"rendered":"http:\/\/klimaico.pl\/?page_id=90"},"modified":"2018-06-18T08:07:34","modified_gmt":"2018-06-18T06:07:34","slug":"uslugi","status":"publish","type":"page","link":"https:\/\/klimaico.pl\/index.php\/uslugi\/","title":{"rendered":"Us\u0142ugi"},"content":{"rendered":"<p>G\u0142\u00f3wnym przedmiotem mojej dzia\u0142alno\u015bci jest ch\u0142odnictwo, ogrzewnictwo i instalacje sanitarne. To w czym najbardziej mog\u0119 Pa\u0144stwu pom\u00f3c to dob\u00f3r i zak\u0142adanie najlepszych urz\u0105dze\u0144 klimatyzacyjnych, kompleksowe wykonawstwo instalacji centralnego ogrzewania, gazowych, oraz instalacji wodnokanalizacyjnych (hydraulika). Kilka s\u0142\u00f3w na temat rozwi\u0105za\u0144 kt\u00f3rymi si\u0119 zajmuj\u0119:<\/p>\n<li><a href=\"http:\/\/klimaico.pl\/index.php\/uslugi\/klimatyzacja\/\">Klimatyzacje<\/a><\/li>\n<li><a href=\"http:\/\/klimaico.pl\/index.php\/uslugi\/ogrzewnictwo\/\">Ogrzewnictwo<\/a><\/li>\n<li><a href=\"http:\/\/klimaico.pl\/index.php\/uslugi\/wentylacja\/\">Wentylacja<\/a><\/li>\n<li><a href=\"http:\/\/klimaico.pl\/index.php\/uslugi\/instalacje\/\">Klimatyzacje<\/a><\/li>\n<li><a href=\"http:\/\/klimaico.pl\/index.php\/uslugi\/instalacje-wod-kan\/\">Instalacje wodnokanalizacyjne<\/a><\/li>\n<li><a href=\"http:\/\/klimaico.pl\/index.php\/uslugi\/serwis-montaz\/\">Serwis i monta\u017c<\/a><\/li>\n<p><\/br><br \/>\nNiemniej szerokie do\u015bwiadczenie i zesp\u00f3\u0142 wsp\u00f3\u0142pracownik\u00f3w pozwala mi na rzetelne prowadzenie prac towarzysz\u0105cych\u00a0 instalacjom klimatyzacyjnym lub c.o. S\u0105 to jednak roboty dodatkowe odr\u0119bnie rozliczane.<\/p>\n","protected":false},"excerpt":{"rendered":"<p>G\u0142\u00f3wnym przedmiotem mojej dzia\u0142alno\u015bci jest ch\u0142odnictwo, ogrzewnictwo i instalacje sanitarne. To w czym najbardziej mog\u0119 Pa\u0144stwu pom\u00f3c to dob\u00f3r i zak\u0142adanie najlepszych urz\u0105dze\u0144 klimatyzacyjnych, kompleksowe wykonawstwo instalacji centralnego ogrzewania, gazowych, oraz instalacji wodnokanalizacyjnych (hydraulika). Kilka s\u0142\u00f3w na temat rozwi\u0105za\u0144 kt\u00f3rymi si\u0119 zajmuj\u0119: Klimatyzacje Ogrzewnictwo Wentylacja Klimatyzacje Instalacje wodnokanalizacyjne Serwis i monta\u017c Niemniej szerokie do\u015bwiadczenie i &hellip; <\/p>\n<p class=\"link-more\"><a href=\"https:\/\/klimaico.pl\/index.php\/uslugi\/\" class=\"more-link\">Czytaj dalej<span class=\"screen-reader-text\"> Us\u0142ugi<\/span><\/a><\/p>\n","protected":false},"author":1,"featured_media":199,"parent":0,"menu_order":0,"comment_status":"closed","ping_status":"closed","template":"","meta":[],"_links":{"self":[{"href":"https:\/\/klimaico.pl\/index.php\/wp-json\/wp\/v2\/pages\/90"}],"collection":[{"href":"https:\/\/klimaico.pl\/index.php\/wp-json\/wp\/v2\/pages"}],"about":[{"href":"https:\/\/klimaico.pl\/index.php\/wp-json\/wp\/v2\/types\/page"}],"author":[{"embeddable":true,"href":"https:\/\/klimaico.pl\/index.php\/wp-json\/wp\/v2\/users\/1"}],"replies":[{"embeddable":true,"href":"https:\/\/klimaico.pl\/index.php\/wp-json\/wp\/v2\/comments?post=90"}],"version-history":[{"count":12,"href":"https:\/\/klimaico.pl\/index.php\/wp-json\/wp\/v2\/pages\/90\/revisions"}],"predecessor-version":[{"id":211,"href":"https:\/\/klimaico.pl\/index.php\/wp-json\/wp\/v2\/pages\/90\/revisions\/211"}],"wp:featuredmedia":[{"embeddable":true,"href":"https:\/\/klimaico.pl\/index.php\/wp-json\/wp\/v2\/media\/199"}],"wp:attachment":[{"href":"https:\/\/klimaico.pl\/index.php\/wp-json\/wp\/v2\/media?parent=90"}],"curies":[{"name":"wp","href":"https:\/\/api.w.org\/{rel}","templated":true}]}}