{"id":89,"date":"2018-06-17T15:27:00","date_gmt":"2018-06-17T13:27:00","guid":{"rendered":"http:\/\/klimaico.pl\/?page_id=89"},"modified":"2018-06-21T20:17:17","modified_gmt":"2018-06-21T18:17:17","slug":"wentylacja","status":"publish","type":"page","link":"https:\/\/klimaico.pl\/index.php\/uslugi\/wentylacja\/","title":{"rendered":"Wentylacja"},"content":{"rendered":"<p><strong>Wentylacja<\/strong>\u00a0\u2013\u00a0<a href=\"https:\/\/pl.wikipedia.org\/wiki\/Cyrkulacja\">cyrkulacja<\/a>\u00a0<a href=\"https:\/\/pl.wikipedia.org\/wiki\/Powietrze\">powietrza<\/a>, z regu\u0142y pomi\u0119dzy pomieszczeniami a przestrzeni\u0105 na zewn\u0105trz. Prawid\u0142owo dzia\u0142aj\u0105ca wentylacja jest niezb\u0119dna w pomieszczeniach, gdzie przebywaj\u0105 zwierz\u0119ta czy ludzie, dop\u0142ywaj\u0105ce z zewn\u0105trz\u00a0<a href=\"https:\/\/pl.wikipedia.org\/wiki\/Powietrze\">powietrze<\/a>\u00a0zapewnia wymian\u0119 zu\u017cytego i zanieczyszczonego na \u015bwie\u017ce, niezb\u0119dne do oddychania oraz prawid\u0142owej i bezpiecznej pracy urz\u0105dze\u0144 zu\u017cywaj\u0105cych powietrze<\/p>\n<p>rodzaje wentylacji:<\/p>\n<p>&#8211; naturalna &#8211; wymiana powietrza przy wykorzystaniu przeci\u0105gu np. przez otworzenie okna.<\/p>\n<p>&#8211; grawitacyjna &#8211; wymiana powietrza wykorzystuj\u0105ca r\u00f3\u017cnic\u0119 ci\u015bnie\u0144 mi\u0119dzy przestrzeni\u0105 wentylowan\u0105 a uj\u015bciem kana\u0142u wentylacyjnego do atmosfery. Zanieczyszczone powietrze zostaje wyssane z pomieszczenia przez kratk\u0119 wentylacyjn\u0105, a do pomieszczenia nap\u0142ywa powietrze zewn\u0119trzne przez celowo wykonane nawiewy (np. okna, kratki nawiewne sterowane higroskopijnie) albo nieszczelno\u015bci w obudowie budynku<\/p>\n<p>&#8211; mechaniczna &#8211; sterowana wymiana powietrza Jej g\u0142\u00f3wn\u0105 cech\u0105 jest mo\u017cliwo\u015b\u0107 regulacji ilo\u015bci wymienianego powietrza niezale\u017cnie od warunk\u00f3w atmosferycznych. System ten daje mo\u017cliwo\u015b\u0107 odzyskania ciep\u0142a pozwalaj\u0105c zmniejszy\u0107 koszty ogrzewania.<\/p>\n<p>&#8211; hybrydowa &#8211; kombinacja wentylacji grawitacyjnej i mechanicznej stosowanych w zale\u017cno\u015bci od zapotrzebowania na \u015bwie\u017ce powietrze i warunk\u00f3w pogodowych (r\u00f3\u017cnicy g\u0119sto\u015bci powietrza wywiewanego i otoczenia)<\/p>\n<h3><strong>Monta\u017c wentylacji<\/strong><\/h3>\n<p>Realizujemy profesjonalny dob\u00f3r i monta\u017c wentylacji. Zajmujemy si\u0119 monta\u017cem zar\u00f3wno prostych system\u00f3w wentylacyjnych jak r\u00f3wnie\u017c z\u0142o\u017conych z klimatyzacj\u0105 i rekuperacj\u0105 (odzyskiem ciep\u0142a).<\/p>\n<p><strong>Rekuperacja<\/strong><\/p>\n<p>wentylacja mechaniczna z odzyskiem ciep\u0142a to optymalne rozwi\u0105zanie dla zapewnienia komfortu klimatycznego z minimalizacj\u0105 strat ciep\u0142a, nie do osi\u0105gni\u0119cia w obiektach z tradycyjn\u0105 wentylacj\u0105 grawitacyjn\u0105. Rekuperatory pozwalaj\u0105 na odzysk ciep\u0142a z powietrza wywiewanego, dzi\u0119ki czemu pozwalaj\u0105 oszcz\u0119dzi\u0107 do 95% energii potrzebnej do ogrzania.<\/p>\n<p><img decoding=\"async\" loading=\"lazy\" src=\"http:\/\/klimaico.pl\/wp-content\/uploads\/2018\/06\/szare-logo-t\u0142o-300x300.png\" alt=\"\" width=\"300\" height=\"300\" class=\"alignleft size-medium wp-image-400\" \/><\/p>\n","protected":false},"excerpt":{"rendered":"<p>Wentylacja\u00a0\u2013\u00a0cyrkulacja\u00a0powietrza, z regu\u0142y pomi\u0119dzy pomieszczeniami a przestrzeni\u0105 na zewn\u0105trz. Prawid\u0142owo dzia\u0142aj\u0105ca wentylacja jest niezb\u0119dna w pomieszczeniach, gdzie przebywaj\u0105 zwierz\u0119ta czy ludzie, dop\u0142ywaj\u0105ce z zewn\u0105trz\u00a0powietrze\u00a0zapewnia wymian\u0119 zu\u017cytego i zanieczyszczonego na \u015bwie\u017ce, niezb\u0119dne do oddychania oraz prawid\u0142owej i bezpiecznej pracy urz\u0105dze\u0144 zu\u017cywaj\u0105cych powietrze rodzaje wentylacji: &#8211; naturalna &#8211; wymiana powietrza przy wykorzystaniu przeci\u0105gu np. przez otworzenie okna. &hellip; <\/p>\n<p class=\"link-more\"><a href=\"https:\/\/klimaico.pl\/index.php\/uslugi\/wentylacja\/\" class=\"more-link\">Czytaj dalej<span class=\"screen-reader-text\"> Wentylacja<\/span><\/a><\/p>\n","protected":false},"author":1,"featured_media":0,"parent":90,"menu_order":0,"comment_status":"closed","ping_status":"closed","template":"","meta":[],"_links":{"self":[{"href":"https:\/\/klimaico.pl\/index.php\/wp-json\/wp\/v2\/pages\/89"}],"collection":[{"href":"https:\/\/klimaico.pl\/index.php\/wp-json\/wp\/v2\/pages"}],"about":[{"href":"https:\/\/klimaico.pl\/index.php\/wp-json\/wp\/v2\/types\/page"}],"author":[{"embeddable":true,"href":"https:\/\/klimaico.pl\/index.php\/wp-json\/wp\/v2\/users\/1"}],"replies":[{"embeddable":true,"href":"https:\/\/klimaico.pl\/index.php\/wp-json\/wp\/v2\/comments?post=89"}],"version-history":[{"count":3,"href":"https:\/\/klimaico.pl\/index.php\/wp-json\/wp\/v2\/pages\/89\/revisions"}],"predecessor-version":[{"id":403,"href":"https:\/\/klimaico.pl\/index.php\/wp-json\/wp\/v2\/pages\/89\/revisions\/403"}],"up":[{"embeddable":true,"href":"https:\/\/klimaico.pl\/index.php\/wp-json\/wp\/v2\/pages\/90"}],"wp:attachment":[{"href":"https:\/\/klimaico.pl\/index.php\/wp-json\/wp\/v2\/media?parent=89"}],"curies":[{"name":"wp","href":"https:\/\/api.w.org\/{rel}","templated":true}]}}