{"id":174,"date":"2018-06-17T22:50:08","date_gmt":"2018-06-17T20:50:08","guid":{"rendered":"http:\/\/klimaico.pl\/?page_id=174"},"modified":"2018-06-17T22:57:48","modified_gmt":"2018-06-17T20:57:48","slug":"instalacje-wod-kan","status":"publish","type":"page","link":"https:\/\/klimaico.pl\/index.php\/uslugi\/instalacje-wod-kan\/","title":{"rendered":"Instalacje wodnokanalizacyjne"},"content":{"rendered":"<p>Wykonuj\u0119 instalacje wodnokanalizacyjne w budynkach mieszkalnych i us\u0142ugowych. Posiadam najnowszej klasy sprz\u0119t instalacyjny, kt\u00f3ry pozwala wyeliminowa\u0107 ryzyko pojawiania si\u0119 przeciek\u00f3w lub innych awarii w trakcie monta\u017cu jak i eksploatacji. Oczywi\u015bcie jestem te\u017c w stanie realizowa\u0107 zlecenia w istniej\u0105cych budynkach, w kt\u00f3rych zastosowane s\u0105 starsze technologie.<\/p>\n","protected":false},"excerpt":{"rendered":"<p>Wykonuj\u0119 instalacje wodnokanalizacyjne w budynkach mieszkalnych i us\u0142ugowych. Posiadam najnowszej klasy sprz\u0119t instalacyjny, kt\u00f3ry pozwala wyeliminowa\u0107 ryzyko pojawiania si\u0119 przeciek\u00f3w lub innych awarii w trakcie monta\u017cu jak i eksploatacji. Oczywi\u015bcie jestem te\u017c w stanie realizowa\u0107 zlecenia w istniej\u0105cych budynkach, w kt\u00f3rych zastosowane s\u0105 starsze technologie.<\/p>\n","protected":false},"author":1,"featured_media":0,"parent":90,"menu_order":0,"comment_status":"closed","ping_status":"closed","template":"","meta":[],"_links":{"self":[{"href":"https:\/\/klimaico.pl\/index.php\/wp-json\/wp\/v2\/pages\/174"}],"collection":[{"href":"https:\/\/klimaico.pl\/index.php\/wp-json\/wp\/v2\/pages"}],"about":[{"href":"https:\/\/klimaico.pl\/index.php\/wp-json\/wp\/v2\/types\/page"}],"author":[{"embeddable":true,"href":"https:\/\/klimaico.pl\/index.php\/wp-json\/wp\/v2\/users\/1"}],"replies":[{"embeddable":true,"href":"https:\/\/klimaico.pl\/index.php\/wp-json\/wp\/v2\/comments?post=174"}],"version-history":[{"count":4,"href":"https:\/\/klimaico.pl\/index.php\/wp-json\/wp\/v2\/pages\/174\/revisions"}],"predecessor-version":[{"id":180,"href":"https:\/\/klimaico.pl\/index.php\/wp-json\/wp\/v2\/pages\/174\/revisions\/180"}],"up":[{"embeddable":true,"href":"https:\/\/klimaico.pl\/index.php\/wp-json\/wp\/v2\/pages\/90"}],"wp:attachment":[{"href":"https:\/\/klimaico.pl\/index.php\/wp-json\/wp\/v2\/media?parent=174"}],"curies":[{"name":"wp","href":"https:\/\/api.w.org\/{rel}","templated":true}]}}