{"id":111,"date":"2018-06-17T15:47:41","date_gmt":"2018-06-17T13:47:41","guid":{"rendered":"http:\/\/klimaico.pl\/?page_id=111"},"modified":"2018-06-18T00:28:56","modified_gmt":"2018-06-17T22:28:56","slug":"katalog-klimatyzatorow","status":"publish","type":"page","link":"https:\/\/klimaico.pl\/index.php\/katalogi\/katalog-klimatyzatorow\/","title":{"rendered":"Katalog klimatyzator\u00f3w"},"content":{"rendered":"<h3><strong>Pobierz katalogi klimatyzator\u00f3w:<\/strong><\/h3>\n<ul>\n<li><a href=\"https:\/\/www.hvacr.pl\/uploads\/files\/201803\/rotenso-katalog-201894.pdf\">Katalog klimatyzator\u00f3w firmy Rotenso<\/a><\/li>\n<li><a href=\"http:\/\/action.energy\/marketing\/Katalogi\/Klimatyzacja\/AUX\/cennik-katalog_AUX_2018.pdf\">Katalog klimatyzator\u00f3w firmy AUX<\/a><\/li>\n<li><a href=\"http:\/\/gree.pl\/resources\/Katalog_GREE_RAC_2017_2018_net.pdf\">Katalog klimatyzator\u00f3w firmy Gree<\/a><\/li>\n<li><a href=\"https:\/\/www.hvacr.pl\/uploads\/files\/201806\/haier-katalog-2018.pdf\">Katalog klimatyzator\u00f3w firmy Haier<\/a><\/li>\n<li><a href=\"http:\/\/www.froser.pl\/dane\/editor\/images\/Katalog%20LG%20Pokojowe%202018.pdf\">Katalog klimatyzator\u00f3w firmy LG<\/a><\/li>\n<li><a href=\"https:\/\/klimapoint.pl\/pdf\/MITSUBISHI-cennik-klimatyzacji-2017-2018.pdf\">Katalog klimatyzator\u00f3w firmy Mitsubishi<\/a><\/li>\n<li><a href=\"http:\/\/www.froser.pl\/dane\/editor\/images\/Katalog%20Samsung%20RAC%202018.pdf\">Katalog klimatyzator\u00f3w firmy Samsung<\/a><\/li>\n<li><a href=\"http:\/\/www.sinclair.pl\/static\/uploaded_files\/media-05-2018\/katalog-sinclair-2018.pdf\">Katalog klimatyzator\u00f3w firmy Sinclar<\/a><\/li>\n<\/ul>\n","protected":false},"excerpt":{"rendered":"<p>Pobierz katalogi klimatyzator\u00f3w: Katalog klimatyzator\u00f3w firmy Rotenso Katalog klimatyzator\u00f3w firmy AUX Katalog klimatyzator\u00f3w firmy Gree Katalog klimatyzator\u00f3w firmy Haier Katalog klimatyzator\u00f3w firmy LG Katalog klimatyzator\u00f3w firmy Mitsubishi Katalog klimatyzator\u00f3w firmy Samsung Katalog klimatyzator\u00f3w firmy Sinclar<\/p>\n","protected":false},"author":1,"featured_media":0,"parent":108,"menu_order":0,"comment_status":"closed","ping_status":"closed","template":"","meta":[],"_links":{"self":[{"href":"https:\/\/klimaico.pl\/index.php\/wp-json\/wp\/v2\/pages\/111"}],"collection":[{"href":"https:\/\/klimaico.pl\/index.php\/wp-json\/wp\/v2\/pages"}],"about":[{"href":"https:\/\/klimaico.pl\/index.php\/wp-json\/wp\/v2\/types\/page"}],"author":[{"embeddable":true,"href":"https:\/\/klimaico.pl\/index.php\/wp-json\/wp\/v2\/users\/1"}],"replies":[{"embeddable":true,"href":"https:\/\/klimaico.pl\/index.php\/wp-json\/wp\/v2\/comments?post=111"}],"version-history":[{"count":7,"href":"https:\/\/klimaico.pl\/index.php\/wp-json\/wp\/v2\/pages\/111\/revisions"}],"predecessor-version":[{"id":205,"href":"https:\/\/klimaico.pl\/index.php\/wp-json\/wp\/v2\/pages\/111\/revisions\/205"}],"up":[{"embeddable":true,"href":"https:\/\/klimaico.pl\/index.php\/wp-json\/wp\/v2\/pages\/108"}],"wp:attachment":[{"href":"https:\/\/klimaico.pl\/index.php\/wp-json\/wp\/v2\/media?parent=111"}],"curies":[{"name":"wp","href":"https:\/\/api.w.org\/{rel}","templated":true}]}}