{"id":105,"date":"2018-06-17T15:44:39","date_gmt":"2018-06-17T13:44:39","guid":{"rendered":"http:\/\/klimaico.pl\/?page_id=105"},"modified":"2018-06-17T21:09:57","modified_gmt":"2018-06-17T19:09:57","slug":"serwis-montaz","status":"publish","type":"page","link":"https:\/\/klimaico.pl\/index.php\/uslugi\/serwis-montaz\/","title":{"rendered":"Serwis\/monta\u017c"},"content":{"rendered":"<p>Wykonujemy monta\u017c, przegl\u0105dy naprawy gwarancyjne oraz pogwarancyjne. Nasza firma stosuje specjalistycznego sprz\u0119tu jak i narz\u0119dzi aby zapewni jak najwy\u017csz\u0105 jako\u015b\u0107 us\u0142ug, a nasi pracownicy przechodz\u0105 regularne szkolenia. Wsp\u00f3\u0142pracujemy z producentami, kt\u00f3rzy gwarantuj\u0105 szybk\u0105 dostaw\u0119 cz\u0119\u015bci zamiennych a co za tym idzie pozwalaj\u0105 nam na szybk\u0105 reakcj\u0119 serwisow\u0105. Przyk\u0142adamy du\u017c\u0105 wag\u0119 do przegl\u0105d\u00f3w urz\u0105dze\u0144 maj\u0105c \u015bwiadomo\u015b\u0107, \u017ce wp\u0142ywa to na ich okres bezawaryjnej pracy jak i 100% zadowolenie naszych klient\u00f3w.<\/p>\n","protected":false},"excerpt":{"rendered":"<p>Wykonujemy monta\u017c, przegl\u0105dy naprawy gwarancyjne oraz pogwarancyjne. Nasza firma stosuje specjalistycznego sprz\u0119tu jak i narz\u0119dzi aby zapewni jak najwy\u017csz\u0105 jako\u015b\u0107 us\u0142ug, a nasi pracownicy przechodz\u0105 regularne szkolenia. Wsp\u00f3\u0142pracujemy z producentami, kt\u00f3rzy gwarantuj\u0105 szybk\u0105 dostaw\u0119 cz\u0119\u015bci zamiennych a co za tym idzie pozwalaj\u0105 nam na szybk\u0105 reakcj\u0119 serwisow\u0105. Przyk\u0142adamy du\u017c\u0105 wag\u0119 do przegl\u0105d\u00f3w urz\u0105dze\u0144 maj\u0105c \u015bwiadomo\u015b\u0107, &hellip; <\/p>\n<p class=\"link-more\"><a href=\"https:\/\/klimaico.pl\/index.php\/uslugi\/serwis-montaz\/\" class=\"more-link\">Czytaj dalej<span class=\"screen-reader-text\"> Serwis\/monta\u017c<\/span><\/a><\/p>\n","protected":false},"author":1,"featured_media":0,"parent":90,"menu_order":0,"comment_status":"closed","ping_status":"closed","template":"","meta":[],"_links":{"self":[{"href":"https:\/\/klimaico.pl\/index.php\/wp-json\/wp\/v2\/pages\/105"}],"collection":[{"href":"https:\/\/klimaico.pl\/index.php\/wp-json\/wp\/v2\/pages"}],"about":[{"href":"https:\/\/klimaico.pl\/index.php\/wp-json\/wp\/v2\/types\/page"}],"author":[{"embeddable":true,"href":"https:\/\/klimaico.pl\/index.php\/wp-json\/wp\/v2\/users\/1"}],"replies":[{"embeddable":true,"href":"https:\/\/klimaico.pl\/index.php\/wp-json\/wp\/v2\/comments?post=105"}],"version-history":[{"count":3,"href":"https:\/\/klimaico.pl\/index.php\/wp-json\/wp\/v2\/pages\/105\/revisions"}],"predecessor-version":[{"id":137,"href":"https:\/\/klimaico.pl\/index.php\/wp-json\/wp\/v2\/pages\/105\/revisions\/137"}],"up":[{"embeddable":true,"href":"https:\/\/klimaico.pl\/index.php\/wp-json\/wp\/v2\/pages\/90"}],"wp:attachment":[{"href":"https:\/\/klimaico.pl\/index.php\/wp-json\/wp\/v2\/media?parent=105"}],"curies":[{"name":"wp","href":"https:\/\/api.w.org\/{rel}","templated":true}]}}