{"id":102,"date":"2018-06-17T15:44:18","date_gmt":"2018-06-17T13:44:18","guid":{"rendered":"http:\/\/klimaico.pl\/?page_id=102"},"modified":"2018-06-17T22:45:22","modified_gmt":"2018-06-17T20:45:22","slug":"ogrzewnictwo","status":"publish","type":"page","link":"https:\/\/klimaico.pl\/index.php\/uslugi\/ogrzewnictwo\/","title":{"rendered":"Ogrzewnictwo"},"content":{"rendered":"<p>Oferujemy kompleksowe wykonawstwo w zakresie instalacji sanitarnych, przemys\u0142owych oraz technologicznych dla obiekt\u00f3w mieszkaniowych, u\u017cyteczno\u015bci publicznej, handlowo-us\u0142ugowych oraz zak\u0142ad\u00f3w przemys\u0142owych.<\/p>\n<p>Oferujemy nast\u0119puj\u0105ce prace instalacyjne:<\/p>\n<ul>\n<li>instalacje wod-kan,<\/li>\n<li>instalacje centralnego ogrzewania,<\/li>\n<li>instalacje gazowe,<\/li>\n<li>kot\u0142ownie,<\/li>\n<li>instalacje przeciwpo\u017carowe,<\/li>\n<li>instalacje spr\u0119\u017conego powietrza.<\/li>\n<\/ul>\n","protected":false},"excerpt":{"rendered":"<p>Oferujemy kompleksowe wykonawstwo w zakresie instalacji sanitarnych, przemys\u0142owych oraz technologicznych dla obiekt\u00f3w mieszkaniowych, u\u017cyteczno\u015bci publicznej, handlowo-us\u0142ugowych oraz zak\u0142ad\u00f3w przemys\u0142owych. Oferujemy nast\u0119puj\u0105ce prace instalacyjne: instalacje wod-kan, instalacje centralnego ogrzewania, instalacje gazowe, kot\u0142ownie, instalacje przeciwpo\u017carowe, instalacje spr\u0119\u017conego powietrza.<\/p>\n","protected":false},"author":1,"featured_media":119,"parent":90,"menu_order":0,"comment_status":"closed","ping_status":"closed","template":"","meta":[],"_links":{"self":[{"href":"https:\/\/klimaico.pl\/index.php\/wp-json\/wp\/v2\/pages\/102"}],"collection":[{"href":"https:\/\/klimaico.pl\/index.php\/wp-json\/wp\/v2\/pages"}],"about":[{"href":"https:\/\/klimaico.pl\/index.php\/wp-json\/wp\/v2\/types\/page"}],"author":[{"embeddable":true,"href":"https:\/\/klimaico.pl\/index.php\/wp-json\/wp\/v2\/users\/1"}],"replies":[{"embeddable":true,"href":"https:\/\/klimaico.pl\/index.php\/wp-json\/wp\/v2\/comments?post=102"}],"version-history":[{"count":3,"href":"https:\/\/klimaico.pl\/index.php\/wp-json\/wp\/v2\/pages\/102\/revisions"}],"predecessor-version":[{"id":172,"href":"https:\/\/klimaico.pl\/index.php\/wp-json\/wp\/v2\/pages\/102\/revisions\/172"}],"up":[{"embeddable":true,"href":"https:\/\/klimaico.pl\/index.php\/wp-json\/wp\/v2\/pages\/90"}],"wp:featuredmedia":[{"embeddable":true,"href":"https:\/\/klimaico.pl\/index.php\/wp-json\/wp\/v2\/media\/119"}],"wp:attachment":[{"href":"https:\/\/klimaico.pl\/index.php\/wp-json\/wp\/v2\/media?parent=102"}],"curies":[{"name":"wp","href":"https:\/\/api.w.org\/{rel}","templated":true}]}}